{"id":57,"date":"2023-04-04T17:35:56","date_gmt":"2023-04-04T16:35:56","guid":{"rendered":"http:\/\/wem-premium.com\/?post_type=product&#038;p=57"},"modified":"2025-01-09T11:42:26","modified_gmt":"2025-01-09T10:42:26","slug":"trueffelsalz-25g","status":"publish","type":"product","link":"https:\/\/wem-premium.com\/en\/product\/trueffelsalz-25g\/","title":{"rendered":"Tr\u00fcffelsalz 25g"},"content":{"rendered":"<p>&nbsp;<\/p>\n<div class=\"accordion\">\n\t<div id=\"accordion-256426012\" class=\"accordion-item\">\n\t\t<a id=\"accordion-256426012-label\" class=\"accordion-title plain\" href=\"#accordion-item-zutaten\" aria-expanded=\"false\" aria-controls=\"accordion-256426012-content\" >\n\t\t\t<button class=\"toggle\" aria-label=\"Toggle\"><i class=\"icon-angle-down\"><\/i><\/button>\n\t\t\t<span>Zutaten<\/span>\n\t\t<\/a>\n\t\t<div id=\"accordion-256426012-content\" class=\"accordion-inner\" aria-labelledby=\"accordion-256426012-label\" >\n\t\t\t\n<div>Zutaten<\/div>\n<div>100% Meersalz, schwarzer Sommertr\u00fcffel aus Molise (Tuber Aestivum Vitt.) Min. 10% Aroma.<\/div>\n<div><\/div>\n<div><img loading=\"lazy\" decoding=\"async\" class=\"alignnone wp-image-647\" src=\"http:\/\/wem-premium.com\/wp-content\/uploads\/2023\/05\/storage-400x400.png\" alt=\"\" width=\"18\" height=\"18\" srcset=\"https:\/\/wem-premium.com\/wp-content\/uploads\/2023\/05\/storage-400x400.png 400w, https:\/\/wem-premium.com\/wp-content\/uploads\/2023\/05\/storage-300x300.png 300w, https:\/\/wem-premium.com\/wp-content\/uploads\/2023\/05\/storage-100x100.png 100w, https:\/\/wem-premium.com\/wp-content\/uploads\/2023\/05\/storage-500x500.png 500w, https:\/\/wem-premium.com\/wp-content\/uploads\/2023\/05\/storage-280x280.png 280w, https:\/\/wem-premium.com\/wp-content\/uploads\/2023\/05\/storage.png 512w\" sizes=\"auto, (max-width: 18px) 100vw, 18px\" \/><\/div>\n<div>Lagerung<\/div>\n<div>Tr\u00fcffelsalz lagert man am besten k\u00fchl, dunkel und trocken. So bleiben Geschmack, Aroma und Duft am besten erhalten.<\/div>\n<div><\/div>\n<div>\n<p class=\"p1\">Tr\u00fcffelsalz enth\u00e4lt 10% echten Tr\u00fcffel und wird aus grobk\u00f6rnigem Meersalz sowie fein gemahlenem Meersalz hergestellt. Die Tr\u00fcffel stammen aus den Bergen von MOLISE Busso.<\/p>\n<p class=\"p1\">Das Tr\u00fcffelsalz wird aus hochwertigen Zutaten hergestellt und hat einen einzigartigen Geschmack, der Ihre Geschmacksnerven verw\u00f6hnen wird.<\/p>\n<p>\ud83d\uded2F\u00fcgen Sie Ihrem Warenkorb hinzu und genie\u00dfen Sie die unglaublichen Aromen und Vorteile von Tr\u00fcffelsalz.<\/p>\n<p>Das Produktdesign kann von der Abbildung abweichen<\/p>\n<\/div>\n\t\t<\/div>\n\t<\/div>\n\t\n\t<div id=\"accordion-1306153306\" class=\"accordion-item\">\n\t\t<a id=\"accordion-1306153306-label\" class=\"accordion-title plain\" href=\"#accordion-item-produktdetails\" aria-expanded=\"false\" aria-controls=\"accordion-1306153306-content\" >\n\t\t\t<button class=\"toggle\" aria-label=\"Toggle\"><i class=\"icon-angle-down\"><\/i><\/button>\n\t\t\t<span>Produktdetails<\/span>\n\t\t<\/a>\n\t\t<div id=\"accordion-1306153306-content\" class=\"accordion-inner\" aria-labelledby=\"accordion-1306153306-label\" >\n\t\t\t\n<table width=\"913\">\n<tbody>\n<tr>\n<td width=\"685\">Dichiarazione Nutrizionale\/N\u00e4hrwertdeklaration 100g:<\/td>\n<td width=\"228\"><\/td>\n<\/tr>\n<tr>\n<td><\/td>\n<td><\/td>\n<\/tr>\n<tr>\n<td>Energia\/Brennwert [kJ]<\/td>\n<td>28<\/td>\n<\/tr>\n<tr>\n<td>Energia\/Brennwert [kcal]:<\/td>\n<td>7<\/td>\n<\/tr>\n<tr>\n<td>Grassi \/Fett [g]:<\/td>\n<td>0,17<\/td>\n<\/tr>\n<tr>\n<td>di cui acidi grassi saturi\/davon ges\u00e4ttigte Fetts\u00e4uren [g]:<\/td>\n<td>0,01<\/td>\n<\/tr>\n<tr>\n<td>di cui acidi grassi insaturi\/davon unges\u00e4ttigte Fetts\u00e4uren [g]:<\/td>\n<td><\/td>\n<\/tr>\n<tr>\n<td>Carboidrati\/Kohlenhydrate [g]:<\/td>\n<td>0,28<\/td>\n<\/tr>\n<tr>\n<td>davon Zucker\/davon Zucker [g]:<\/td>\n<td>0,05<\/td>\n<\/tr>\n<tr>\n<td>Fiber\/Fiber<\/td>\n<td>0,74<\/td>\n<\/tr>\n<tr>\n<td>Proteine\/Eiwei\u00df<\/td>\n<td>0,74<\/td>\n<\/tr>\n<tr>\n<td>Sale\/ Salz<\/td>\n<td>93,55<\/td>\n<\/tr>\n<\/tbody>\n<\/table>\n\t\t<\/div>\n\t<\/div>\n\t\n\t<div id=\"accordion-4035352961\" class=\"accordion-item\">\n\t\t<a id=\"accordion-4035352961-label\" class=\"accordion-title plain\" href=\"#accordion-item-lieferung\" aria-expanded=\"false\" aria-controls=\"accordion-4035352961-content\" >\n\t\t\t<button class=\"toggle\" aria-label=\"Toggle\"><i class=\"icon-angle-down\"><\/i><\/button>\n\t\t\t<span>Lieferung<\/span>\n\t\t<\/a>\n\t\t<div id=\"accordion-4035352961-content\" class=\"accordion-inner\" aria-labelledby=\"accordion-4035352961-label\" >\n\t\t\t\n<div class=\"row\"  id=\"row-892040406\">\n\n\t<div id=\"col-1194606173\" class=\"col medium-4 small-12 large-4\"  >\n\t\t\t\t<div class=\"col-inner\"  >\n\t\t\t\n\t\t\t\n\n\t\t<div class=\"icon-box featured-box icon-box-top text-left is-xsmall\"  >\n\t\t\t\t\t<div class=\"icon-box-img has-icon-bg\" style=\"width: 60px\">\n\t\t\t\t<div class=\"icon\">\n\t\t\t\t\t<div class=\"icon-inner\" style=\"border-width:1px;color:rgb(53, 160, 198);\">\n\t\t\t\t\t\t<img loading=\"lazy\" decoding=\"async\" width=\"400\" height=\"400\" src=\"https:\/\/wem-premium.com\/wp-content\/uploads\/2023\/05\/LKV-1-400x400.png\" class=\"attachment-medium size-medium\" alt=\"\" srcset=\"https:\/\/wem-premium.com\/wp-content\/uploads\/2023\/05\/LKV-1-400x400.png 400w, https:\/\/wem-premium.com\/wp-content\/uploads\/2023\/05\/LKV-1-300x300.png 300w, https:\/\/wem-premium.com\/wp-content\/uploads\/2023\/05\/LKV-1-100x100.png 100w, https:\/\/wem-premium.com\/wp-content\/uploads\/2023\/05\/LKV-1-500x500.png 500w, https:\/\/wem-premium.com\/wp-content\/uploads\/2023\/05\/LKV-1-280x280.png 280w, https:\/\/wem-premium.com\/wp-content\/uploads\/2023\/05\/LKV-1.png 512w\" sizes=\"auto, (max-width: 400px) 100vw, 400px\" \/>\t\t\t\t\t<\/div>\n\t\t\t\t<\/div>\n\t\t\t<\/div>\n\t\t\t\t<div class=\"icon-box-text last-reset\">\n\t\t\t\t\t\t<h6>Lieferoptionen f\u00fcr Deutschland?<\/h6>\t\t\t\n\t<div id=\"text-2757218661\" class=\"text\">\n\t\t\n<h3><\/h3>\n<ul>\n<li>Schnelle Lieferung (mit Tracking)<\/li>\n<li>5,99\u20ac<\/li>\n<li>1-3 Werktage<\/li>\n<li>Sendungsverfolgung<\/li>\n<\/ul>\n\t\t\n<style>\n#text-2757218661 {\n  font-size: 0.75rem;\n  line-height: 1.5;\n}\n<\/style>\n\t<\/div>\n\t\n\t\t<\/div>\n\t<\/div>\n\t\n\t\n\t\t<\/div>\n\t\t\t\t\t<\/div>\n\n\t\n\n\t<div id=\"col-2144991164\" class=\"col medium-4 small-12 large-4\"  >\n\t\t\t\t<div class=\"col-inner\"  >\n\t\t\t\n\t\t\t\n\n\t\t<div class=\"icon-box featured-box icon-box-top text-left is-xsmall\"  >\n\t\t\t\t\t<div class=\"icon-box-img has-icon-bg\" style=\"width: 60px\">\n\t\t\t\t<div class=\"icon\">\n\t\t\t\t\t<div class=\"icon-inner\" style=\"border-width:1px;color:rgb(53, 160, 198);\">\n\t\t\t\t\t\t<img loading=\"lazy\" decoding=\"async\" width=\"400\" height=\"400\" src=\"https:\/\/wem-premium.com\/wp-content\/uploads\/2023\/05\/flight-400x400.png\" class=\"attachment-medium size-medium\" alt=\"\" srcset=\"https:\/\/wem-premium.com\/wp-content\/uploads\/2023\/05\/flight-400x400.png 400w, https:\/\/wem-premium.com\/wp-content\/uploads\/2023\/05\/flight-300x300.png 300w, https:\/\/wem-premium.com\/wp-content\/uploads\/2023\/05\/flight-100x100.png 100w, https:\/\/wem-premium.com\/wp-content\/uploads\/2023\/05\/flight-500x500.png 500w, https:\/\/wem-premium.com\/wp-content\/uploads\/2023\/05\/flight-280x280.png 280w, https:\/\/wem-premium.com\/wp-content\/uploads\/2023\/05\/flight.png 512w\" sizes=\"auto, (max-width: 400px) 100vw, 400px\" \/>\t\t\t\t\t<\/div>\n\t\t\t\t<\/div>\n\t\t\t<\/div>\n\t\t\t\t<div class=\"icon-box-text last-reset\">\n\t\t\t\t\t\t<h6>Internationale Lieferung<\/h6>\t\t\t\n\t<div id=\"text-2027804524\" class=\"text\">\n\t\t\n<h3><\/h3>\n<ul>\n<li>Schnelle Lieferung (mit Tracking)<\/li>\n<li>Ab<img loading=\"lazy\" decoding=\"async\" class=\"alignnone wp-image-645\" src=\"http:\/\/wem-premium.com\/wp-content\/uploads\/2023\/05\/Upward-Arrow-400x400.png\" alt=\"\" width=\"8\" height=\"8\" srcset=\"https:\/\/wem-premium.com\/wp-content\/uploads\/2023\/05\/Upward-Arrow-400x400.png 400w, https:\/\/wem-premium.com\/wp-content\/uploads\/2023\/05\/Upward-Arrow-300x300.png 300w, https:\/\/wem-premium.com\/wp-content\/uploads\/2023\/05\/Upward-Arrow-100x100.png 100w, https:\/\/wem-premium.com\/wp-content\/uploads\/2023\/05\/Upward-Arrow-500x500.png 500w, https:\/\/wem-premium.com\/wp-content\/uploads\/2023\/05\/Upward-Arrow-280x280.png 280w, https:\/\/wem-premium.com\/wp-content\/uploads\/2023\/05\/Upward-Arrow.png 512w\" sizes=\"auto, (max-width: 8px) 100vw, 8px\" \/>15,99\u20ac<\/li>\n<li>5-7 Werktage<\/li>\n<li>Sendungsverfolgung<\/li>\n<\/ul>\n\t\t\n<style>\n#text-2027804524 {\n  font-size: 0.75rem;\n  line-height: 1.5;\n}\n<\/style>\n\t<\/div>\n\t\n\t\t<\/div>\n\t<\/div>\n\t\n\t\n\t\t<\/div>\n\t\t\t\t\t<\/div>\n\n\t\n\n\t<div id=\"col-971823505\" class=\"col medium-4 small-12 large-4\"  >\n\t\t\t\t<div class=\"col-inner\"  >\n\t\t\t\n\t\t\t\n\n\t\t<div class=\"icon-box featured-box icon-box-top text-left is-xsmall\"  >\n\t\t\t\t\t<div class=\"icon-box-img has-icon-bg\" style=\"width: 60px\">\n\t\t\t\t<div class=\"icon\">\n\t\t\t\t\t<div class=\"icon-inner\" style=\"border-width:1px;color:rgb(53, 160, 198);\">\n\t\t\t\t\t\t<img loading=\"lazy\" decoding=\"async\" width=\"400\" height=\"400\" src=\"https:\/\/wem-premium.com\/wp-content\/uploads\/2023\/05\/package-400x400.png\" class=\"attachment-medium size-medium\" alt=\"\" srcset=\"https:\/\/wem-premium.com\/wp-content\/uploads\/2023\/05\/package-400x400.png 400w, https:\/\/wem-premium.com\/wp-content\/uploads\/2023\/05\/package-300x300.png 300w, https:\/\/wem-premium.com\/wp-content\/uploads\/2023\/05\/package-100x100.png 100w, https:\/\/wem-premium.com\/wp-content\/uploads\/2023\/05\/package-500x500.png 500w, https:\/\/wem-premium.com\/wp-content\/uploads\/2023\/05\/package-280x280.png 280w, https:\/\/wem-premium.com\/wp-content\/uploads\/2023\/05\/package.png 512w\" sizes=\"auto, (max-width: 400px) 100vw, 400px\" \/>\t\t\t\t\t<\/div>\n\t\t\t\t<\/div>\n\t\t\t<\/div>\n\t\t\t\t<div class=\"icon-box-text last-reset\">\n\t\t\t\t\t\t<h6>Nicht zu Hause, wenn das Paket kommt?<\/h6>\t\t\t\n\t<div id=\"text-1572869719\" class=\"text\">\n\t\t\n<h3><\/h3>\n<ul>\n<li>Sendungsverfolgung: Verwenden Sie Ihre Trackingnummer, um den voraussichtlichen Lieferzeitpunkt Ihres Pakets zu \u00fcberpr\u00fcfen und eine angemessene Empfangsvorbereitung zu treffen.<\/li>\n<li>Alternative Zustellorte: Wenn Sie wissen, dass Sie nicht zu Hause sein werden, k\u00f6nnen Sie Ihr Paket problemlos an eine Packstation oder eine andere Adresse liefern lassen.<\/li>\n<li>Benachrichtigungskarte: Sollten Sie die Zustellung verpassen, hinterl\u00e4sst der Postbote eine Benachrichtigungskarte mit weiteren Informationen und einer Telefonnummer. Rufen Sie diese Nummer an, um eine erneute Lieferung zu arrangieren.<\/li>\n<\/ul>\n\t\t\n<style>\n#text-1572869719 {\n  font-size: 0.75rem;\n  line-height: 1.55;\n}\n<\/style>\n\t<\/div>\n\t\n\t\t<\/div>\n\t<\/div>\n\t\n\t\n\t\t<\/div>\n\t\t\t\t\t<\/div>\n\n\t\n<\/div>\n\t\t<\/div>\n\t<\/div>\n\t\n\t<div id=\"accordion-1863211324\" class=\"accordion-item\">\n\t\t<a id=\"accordion-1863211324-label\" class=\"accordion-title plain\" href=\"#accordion-item-bewertung\" aria-expanded=\"false\" aria-controls=\"accordion-1863211324-content\" >\n\t\t\t<button class=\"toggle\" aria-label=\"Toggle\"><i class=\"icon-angle-down\"><\/i><\/button>\n\t\t\t<span>Bewertung<\/span>\n\t\t<\/a>\n\t\t<div id=\"accordion-1863211324-content\" class=\"accordion-inner\" aria-labelledby=\"accordion-1863211324-label\" >\n\t\t\t\n\t\t<\/div>\n\t<\/div>\n\t\n<\/div>\n","protected":false},"excerpt":{"rendered":"<p>25g<\/p>","protected":false},"featured_media":62,"comment_status":"closed","ping_status":"closed","template":"","meta":[],"product_brand":[],"product_cat":[17],"product_tag":[18],"class_list":{"0":"post-57","1":"product","2":"type-product","3":"status-publish","4":"has-post-thumbnail","6":"product_cat-wem-premium","7":"product_tag-trueffelsalz","9":"first","10":"instock","11":"taxable","12":"shipping-taxable","13":"purchasable","14":"product-type-simple"},"jetpack_sharing_enabled":true,"_links":{"self":[{"href":"https:\/\/wem-premium.com\/en\/wp-json\/wp\/v2\/product\/57","targetHints":{"allow":["GET"]}}],"collection":[{"href":"https:\/\/wem-premium.com\/en\/wp-json\/wp\/v2\/product"}],"about":[{"href":"https:\/\/wem-premium.com\/en\/wp-json\/wp\/v2\/types\/product"}],"replies":[{"embeddable":true,"href":"https:\/\/wem-premium.com\/en\/wp-json\/wp\/v2\/comments?post=57"}],"wp:featuredmedia":[{"embeddable":true,"href":"https:\/\/wem-premium.com\/en\/wp-json\/wp\/v2\/media\/62"}],"wp:attachment":[{"href":"https:\/\/wem-premium.com\/en\/wp-json\/wp\/v2\/media?parent=57"}],"wp:term":[{"taxonomy":"product_brand","embeddable":true,"href":"https:\/\/wem-premium.com\/en\/wp-json\/wp\/v2\/product_brand?post=57"},{"taxonomy":"product_cat","embeddable":true,"href":"https:\/\/wem-premium.com\/en\/wp-json\/wp\/v2\/product_cat?post=57"},{"taxonomy":"product_tag","embeddable":true,"href":"https:\/\/wem-premium.com\/en\/wp-json\/wp\/v2\/product_tag?post=57"}],"curies":[{"name":"wp","href":"https:\/\/api.w.org\/{rel}","templated":true}]}}